{"id":6237,"date":"2013-02-13T10:32:52","date_gmt":"2013-02-13T09:32:52","guid":{"rendered":"https:\/\/www.unicycle.fr\/produit\/cerceau-aerien-95cm-multipoint-2\/"},"modified":"2026-05-06T21:00:27","modified_gmt":"2026-05-06T19:00:27","slug":"cerceau-aerien-95cm-multipoint-2","status":"publish","type":"product","link":"https:\/\/www.unicycle.fr\/en\/produit\/cerceau-aerien-95cm-multipoint-2\/","title":{"rendered":"Aerial hoop \u00d895cm with shackles"},"content":{"rendered":"<p>Aerial hoop \u00d895cm with shackles<\/p>\n<ul>\n<li>\u00d895cm (diam\u00e8tre ext\u00e9rieur)<\/li>\n<li>Tube acier \u00d8 25mm<\/li>\n<li>Inclus 2 manilles autobloquantes inox exclusives<\/li>\n<li>Multi points d\u2019accroches (1 &amp; 2&#215;2 points)<\/li>\n<li>Poids\u00a0: de 5Kg \u00e0 6Kg selon le diam\u00e8tre<\/li>\n<li>Lest\u00e9 en base pour plus d\u2019\u00e9quilibre<\/li>\n<li>Points d\u2019accroches renforc\u00e9s<\/li>\n<li>Finition Epoxy<\/li>\n<li>CMU 170 daN<\/li>\n<li>CMR 1000 daN<\/li>\n<li>Crochet, \u00e9merillon, staffes &amp; toiles adh\u00e9sives vendus s\u00e9par\u00e9ment<\/li>\n<li>Option 3<sup>\u00e8me<\/sup> point d\u2019accroche : Voir la r\u00e9f\u00e9rence ACM999<\/li>\n<li>Made in France<\/li>\n<\/ul>\n<p>Recommended sizes according to your height:<\/p>\n<ul>\n<li>1.45m to 1.56m = \u00d8 85cm<\/li>\n<li>1.56m to 1.62m = \u00d8 90cm<\/li>\n<li>1.62m to 1.68m = \u00d8 95cm<\/li>\n<li>1.68m to 1.74m = \u00d8100cm<\/li>\n<li>1.74m to 1.80m = \u00d8105cm<\/li>\n<li>1.80m to 1.86m = \u00d8110cm<\/li>\n<\/ul>\n<p><a href=\"https:\/\/www.unicycle.fr\/wp-content\/uploads\/2010\/05\/CERTIFICAT_CERCEAUX.pdf\">View the certificate of compliance<\/a><\/p>\n","protected":false},"excerpt":{"rendered":"<p>Aerial hoop \u00d895cm with stainless steel shackles included. Several reinforced hanging points. Expoxy finish<\/p>\n","protected":false},"featured_media":6209,"template":"","meta":{"_acf_changed":false},"product_brand":[],"product_cat":[396],"product_tag":[1064,1062,1060],"class_list":{"0":"post-6237","1":"product","2":"type-product","3":"status-publish","4":"has-post-thumbnail","6":"product_cat-cerceaux-voltige-en","7":"product_tag-cerceau-aerien-en","8":"product_tag-lyra-en","9":"product_tag-pole-dance","10":"product_shipping_class-30-kg-200-cm-en","12":"first","13":"onbackorder","14":"featured","15":"taxable","16":"shipping-taxable","17":"purchasable","18":"product-type-simple"},"bundled_by":[],"bundle_stock_status":"onbackorder","bundle_stock_quantity":-5,"bundle_virtual":false,"bundle_layout":"","bundle_add_to_cart_form_location":"","bundle_editable_in_cart":false,"bundle_sold_individually_context":"","bundle_item_grouping":"","bundle_min_size":"","bundle_max_size":"","bundle_price":[],"bundled_items":[],"bundle_sell_ids":[],"acf":[],"aioseo_notices":[],"_links":{"self":[{"href":"https:\/\/www.unicycle.fr\/en\/wp-json\/wp\/v2\/product\/6237","targetHints":{"allow":["GET"]}}],"collection":[{"href":"https:\/\/www.unicycle.fr\/en\/wp-json\/wp\/v2\/product"}],"about":[{"href":"https:\/\/www.unicycle.fr\/en\/wp-json\/wp\/v2\/types\/product"}],"wp:featuredmedia":[{"embeddable":true,"href":"https:\/\/www.unicycle.fr\/en\/wp-json\/wp\/v2\/media\/6209"}],"wp:attachment":[{"href":"https:\/\/www.unicycle.fr\/en\/wp-json\/wp\/v2\/media?parent=6237"}],"wp:term":[{"taxonomy":"product_brand","embeddable":true,"href":"https:\/\/www.unicycle.fr\/en\/wp-json\/wp\/v2\/product_brand?post=6237"},{"taxonomy":"product_cat","embeddable":true,"href":"https:\/\/www.unicycle.fr\/en\/wp-json\/wp\/v2\/product_cat?post=6237"},{"taxonomy":"product_tag","embeddable":true,"href":"https:\/\/www.unicycle.fr\/en\/wp-json\/wp\/v2\/product_tag?post=6237"}],"curies":[{"name":"wp","href":"https:\/\/api.w.org\/{rel}","templated":true}]}}