{"id":5626,"date":"2012-07-23T09:13:18","date_gmt":"2012-07-23T07:13:18","guid":{"rendered":"https:\/\/www.unicycle.fr\/produit\/ruban-15mm-plastifie-pour-finition-3-couleurs\/"},"modified":"2012-07-23T09:13:18","modified_gmt":"2012-07-23T07:13:18","slug":"ruban-15mm-plastifie-pour-finition-3-couleurs","status":"publish","type":"product","link":"https:\/\/www.unicycle.fr\/en\/produit\/ruban-15mm-plastifie-pour-finition-3-couleurs\/","title":{"rendered":"Plastic tape10mx15mm black, red, white"},"content":{"rendered":"<ul>\n<li>Plastic tape for trapez, ring,Cyr&amp;german wheel<\/li>\n<li>Lenght 10m<\/li>\n<li>Width 15mm<\/li>\n<li>black, red, white<\/li>\n<\/ul>\n","protected":false},"excerpt":{"rendered":"<p>    Toile adh\u00e9sive r\u00e9sistante pour finition des barres de trap\u00e8ze, cerceaux, Roues<br \/>\n    Longueur 10m<br \/>\n    Largeur 15mm<br \/>\n    Rouge, Blanc ou Noir<\/p>\n","protected":false},"featured_media":5617,"template":"","meta":{"_acf_changed":false},"product_brand":[],"product_cat":[430,356],"product_tag":[],"class_list":{"0":"post-5626","1":"product","2":"type-product","3":"status-publish","4":"has-post-thumbnail","6":"product_cat-caoutchouc-rubans-adhesifs-en","7":"product_cat-trapezes-en","8":"product_shipping_class-30-kg-150-cm-en","10":"first","11":"onbackorder","12":"taxable","13":"shipping-taxable","14":"purchasable","15":"product-type-variable"},"bundled_by":[],"bundle_stock_status":"onbackorder","bundle_stock_quantity":0,"bundle_virtual":false,"bundle_layout":"","bundle_add_to_cart_form_location":"","bundle_editable_in_cart":false,"bundle_sold_individually_context":"","bundle_item_grouping":"","bundle_min_size":"","bundle_max_size":"","bundle_price":[],"bundled_items":[],"bundle_sell_ids":[],"acf":[],"aioseo_notices":[],"_links":{"self":[{"href":"https:\/\/www.unicycle.fr\/en\/wp-json\/wp\/v2\/product\/5626","targetHints":{"allow":["GET"]}}],"collection":[{"href":"https:\/\/www.unicycle.fr\/en\/wp-json\/wp\/v2\/product"}],"about":[{"href":"https:\/\/www.unicycle.fr\/en\/wp-json\/wp\/v2\/types\/product"}],"wp:featuredmedia":[{"embeddable":true,"href":"https:\/\/www.unicycle.fr\/en\/wp-json\/wp\/v2\/media\/5617"}],"wp:attachment":[{"href":"https:\/\/www.unicycle.fr\/en\/wp-json\/wp\/v2\/media?parent=5626"}],"wp:term":[{"taxonomy":"product_brand","embeddable":true,"href":"https:\/\/www.unicycle.fr\/en\/wp-json\/wp\/v2\/product_brand?post=5626"},{"taxonomy":"product_cat","embeddable":true,"href":"https:\/\/www.unicycle.fr\/en\/wp-json\/wp\/v2\/product_cat?post=5626"},{"taxonomy":"product_tag","embeddable":true,"href":"https:\/\/www.unicycle.fr\/en\/wp-json\/wp\/v2\/product_tag?post=5626"}],"curies":[{"name":"wp","href":"https:\/\/api.w.org\/{rel}","templated":true}]}}