{"id":5111,"date":"2010-04-12T09:02:14","date_gmt":"2010-04-12T07:02:14","guid":{"rendered":"https:\/\/www.unicycle.fr\/produit\/dvd-tissus-aeriens-fred-deb\/"},"modified":"2025-01-13T06:53:54","modified_gmt":"2025-01-13T05:53:54","slug":"dvd-tissus-aeriens-fred-deb","status":"publish","type":"product","link":"https:\/\/www.unicycle.fr\/en\/produit\/dvd-tissus-aeriens-fred-deb\/","title":{"rendered":"DVD Aerial Fabric &#8211; Fred Deb&#8217;  Vol1"},"content":{"rendered":"<p><span id=\"1335948164377S\">\u00a0<\/span><\/p>\n<ul>\n<li>DVD\u00a0toutes Zones &#8211; PAL<\/li>\n<li style=\"text-align: justify\">Fred Deb\u2019 has continuously reflected upon her artistic and pedagogical process throughout her career as an international aerial performing artist and teacher. She has developed a method for teaching and learning the technique and artistry of aerial fabric.<\/li>\n<li>In this first DVD, which captures the atmosphere of a class, you will find a chapter on safety, warm-up exercises in the fabric, a presentation of different climbs and descents, some basic figures which can be used to create sequences, and some choreographic ideas which further develop different parts of the class.<\/li>\n<li>&#8220;My goal was not to create a repertory of existing figures in aerial fabric, but to offer to all a flexible working method which is specific to this unique and fascinating aerial discipline.<\/li>\n<li>I strongly recommend that you remain vigilant in your aerial practice, and that you comply with all safety rules and instructions.<\/li>\n<li>Enjoy !&#8221;<\/li>\n<\/ul>\n","protected":false},"excerpt":{"rendered":"<p>Dur\u00e9e approx. : 1h- Chapitr\u00e9 &#8211; Langues: Fran\u00e7ais, English<\/p>\n","protected":false},"featured_media":5105,"template":"","meta":{"_acf_changed":false},"product_brand":[],"product_cat":[420,386],"product_tag":[],"class_list":{"0":"post-5111","1":"product","2":"type-product","3":"status-publish","4":"has-post-thumbnail","6":"product_cat-tissus-en","7":"product_cat-dvd-en","8":"product_shipping_class-30-kg-150-cm-en","10":"first","11":"instock","12":"taxable","13":"shipping-taxable","14":"purchasable","15":"product-type-simple"},"bundled_by":[],"bundle_stock_status":"instock","bundle_stock_quantity":2,"bundle_virtual":false,"bundle_layout":"","bundle_add_to_cart_form_location":"","bundle_editable_in_cart":false,"bundle_sold_individually_context":"","bundle_item_grouping":"","bundle_min_size":"","bundle_max_size":"","bundle_price":[],"bundled_items":[],"bundle_sell_ids":[],"acf":[],"aioseo_notices":[],"_links":{"self":[{"href":"https:\/\/www.unicycle.fr\/en\/wp-json\/wp\/v2\/product\/5111","targetHints":{"allow":["GET"]}}],"collection":[{"href":"https:\/\/www.unicycle.fr\/en\/wp-json\/wp\/v2\/product"}],"about":[{"href":"https:\/\/www.unicycle.fr\/en\/wp-json\/wp\/v2\/types\/product"}],"wp:featuredmedia":[{"embeddable":true,"href":"https:\/\/www.unicycle.fr\/en\/wp-json\/wp\/v2\/media\/5105"}],"wp:attachment":[{"href":"https:\/\/www.unicycle.fr\/en\/wp-json\/wp\/v2\/media?parent=5111"}],"wp:term":[{"taxonomy":"product_brand","embeddable":true,"href":"https:\/\/www.unicycle.fr\/en\/wp-json\/wp\/v2\/product_brand?post=5111"},{"taxonomy":"product_cat","embeddable":true,"href":"https:\/\/www.unicycle.fr\/en\/wp-json\/wp\/v2\/product_cat?post=5111"},{"taxonomy":"product_tag","embeddable":true,"href":"https:\/\/www.unicycle.fr\/en\/wp-json\/wp\/v2\/product_tag?post=5111"}],"curies":[{"name":"wp","href":"https:\/\/api.w.org\/{rel}","templated":true}]}}