{"id":3345,"date":"2009-09-18T07:47:02","date_gmt":"2009-09-18T05:47:02","guid":{"rendered":"https:\/\/www.unicycle.fr\/produit\/cable-ariane-10-5mm-8-32m-tendeur-o22mm\/"},"modified":"2025-11-30T13:15:41","modified_gmt":"2025-11-30T12:15:41","slug":"cable-ariane-10-5mm-8-32m-tendeur-o22mm","status":"publish","type":"product","link":"https:\/\/www.unicycle.fr\/en\/produit\/cable-ariane-10-5mm-8-32m-tendeur-o22mm\/","title":{"rendered":"C\u00e2ble alone 10.5mm for Ariane 8.32 m with tension system \u00d8 22"},"content":{"rendered":"<p>C\u00e2ble alone 10.5mm for Ariane 8.32 m with tension system \u00d8 22mm<\/p>\n","protected":false},"excerpt":{"rendered":"<p>C\u00e2ble alone 10.5mm for Ariane 8.32 m with tension system \u00d8 22mm<\/p>\n","protected":false},"featured_media":3341,"template":"","meta":{"_acf_changed":false},"product_brand":[],"product_cat":[512,502,510],"product_tag":[],"class_list":{"0":"post-3345","1":"product","2":"type-product","3":"status-publish","4":"has-post-thumbnail","6":"product_cat-fils-ariane-voltige-en","7":"product_cat-cables-tractions-ancrage-en","8":"product_cat-pieces-detachees-en-1-equilibre-en","9":"product_shipping_class-30-kg-200-cm-en","11":"first","12":"onbackorder","13":"taxable","14":"shipping-taxable","15":"purchasable","16":"product-type-simple"},"bundled_by":[],"bundle_stock_status":"onbackorder","bundle_stock_quantity":0,"bundle_virtual":false,"bundle_layout":"","bundle_add_to_cart_form_location":"","bundle_editable_in_cart":false,"bundle_sold_individually_context":"","bundle_item_grouping":"","bundle_min_size":"","bundle_max_size":"","bundle_price":[],"bundled_items":[],"bundle_sell_ids":[],"acf":[],"aioseo_notices":[],"_links":{"self":[{"href":"https:\/\/www.unicycle.fr\/en\/wp-json\/wp\/v2\/product\/3345","targetHints":{"allow":["GET"]}}],"collection":[{"href":"https:\/\/www.unicycle.fr\/en\/wp-json\/wp\/v2\/product"}],"about":[{"href":"https:\/\/www.unicycle.fr\/en\/wp-json\/wp\/v2\/types\/product"}],"wp:featuredmedia":[{"embeddable":true,"href":"https:\/\/www.unicycle.fr\/en\/wp-json\/wp\/v2\/media\/3341"}],"wp:attachment":[{"href":"https:\/\/www.unicycle.fr\/en\/wp-json\/wp\/v2\/media?parent=3345"}],"wp:term":[{"taxonomy":"product_brand","embeddable":true,"href":"https:\/\/www.unicycle.fr\/en\/wp-json\/wp\/v2\/product_brand?post=3345"},{"taxonomy":"product_cat","embeddable":true,"href":"https:\/\/www.unicycle.fr\/en\/wp-json\/wp\/v2\/product_cat?post=3345"},{"taxonomy":"product_tag","embeddable":true,"href":"https:\/\/www.unicycle.fr\/en\/wp-json\/wp\/v2\/product_tag?post=3345"}],"curies":[{"name":"wp","href":"https:\/\/api.w.org\/{rel}","templated":true}]}}