{"id":14411,"date":"2022-06-16T14:00:32","date_gmt":"2022-06-16T12:00:32","guid":{"rendered":"https:\/\/www.unicycle.fr\/produit\/cerceau-aerien-voltige-o55cm\/"},"modified":"2026-05-12T14:04:41","modified_gmt":"2026-05-12T12:04:41","slug":"cerceau-aerien-voltige-o55cm","status":"publish","type":"product","link":"https:\/\/www.unicycle.fr\/en\/produit\/cerceau-aerien-voltige-o55cm\/","title":{"rendered":"CERCEAU A\u00c9RIEN VOLTIGE\u00ae \u00d855CM"},"content":{"rendered":"<p>CERCEAU A\u00c9RIEN VOLTIGE\u00ae \u00d855CM<\/p>\n<ul>\n<li>Mini cerceau \u00d855cm (diam\u00e8tre ext\u00e9rieur)<\/li>\n<li>Tube acier \u00d8 25mm<\/li>\n<li>Inclus 2 manilles autobloquantes inox exclusives<\/li>\n<li>1 point d\u2019accroche central<\/li>\n<li>Poids\u00a0: de 5Kg \u00e0 6Kg selon le diam\u00e8tre<\/li>\n<li>Lest\u00e9 en base pour plus d\u2019\u00e9quilibre<\/li>\n<li>Points d\u2019accroches renforc\u00e9s<\/li>\n<li>Finition Epoxy<\/li>\n<li>CMU 170 daN<\/li>\n<li>CMR 1000 daN<\/li>\n<li>Crochet, \u00e9merillon, staffes &amp; toiles adh\u00e9sives vendus s\u00e9par\u00e9ment<\/li>\n<li>Option 3<sup>\u00e8me<\/sup>\u00a0point d\u2019accroche : Voir la r\u00e9f\u00e9rence ACM999<\/li>\n<li>Made in France<\/li>\n<\/ul>\n","protected":false},"excerpt":{"rendered":"<p><strong>CERCEAU A\u00c9RIEN VOLTIGE\u00ae \u00d855CM (Mini cerceau)<br \/>\n<\/strong><\/p>\n","protected":false},"featured_media":14410,"template":"","meta":{"_acf_changed":false},"product_brand":[],"product_cat":[328,396],"product_tag":[],"class_list":{"0":"post-14411","1":"product","2":"type-product","3":"status-publish","4":"has-post-thumbnail","6":"product_cat-aerien-en","7":"product_cat-cerceaux-voltige-en","8":"product_shipping_class-30-kg-150-cm-en","10":"first","11":"instock","12":"taxable","13":"shipping-taxable","14":"purchasable","15":"product-type-simple"},"bundled_by":[],"bundle_stock_status":"instock","bundle_stock_quantity":3,"bundle_virtual":false,"bundle_layout":"","bundle_add_to_cart_form_location":"","bundle_editable_in_cart":false,"bundle_sold_individually_context":"","bundle_item_grouping":"","bundle_min_size":"","bundle_max_size":"","bundle_price":[],"bundled_items":[],"bundle_sell_ids":[],"acf":[],"aioseo_notices":[],"_links":{"self":[{"href":"https:\/\/www.unicycle.fr\/en\/wp-json\/wp\/v2\/product\/14411","targetHints":{"allow":["GET"]}}],"collection":[{"href":"https:\/\/www.unicycle.fr\/en\/wp-json\/wp\/v2\/product"}],"about":[{"href":"https:\/\/www.unicycle.fr\/en\/wp-json\/wp\/v2\/types\/product"}],"wp:featuredmedia":[{"embeddable":true,"href":"https:\/\/www.unicycle.fr\/en\/wp-json\/wp\/v2\/media\/14410"}],"wp:attachment":[{"href":"https:\/\/www.unicycle.fr\/en\/wp-json\/wp\/v2\/media?parent=14411"}],"wp:term":[{"taxonomy":"product_brand","embeddable":true,"href":"https:\/\/www.unicycle.fr\/en\/wp-json\/wp\/v2\/product_brand?post=14411"},{"taxonomy":"product_cat","embeddable":true,"href":"https:\/\/www.unicycle.fr\/en\/wp-json\/wp\/v2\/product_cat?post=14411"},{"taxonomy":"product_tag","embeddable":true,"href":"https:\/\/www.unicycle.fr\/en\/wp-json\/wp\/v2\/product_tag?post=14411"}],"curies":[{"name":"wp","href":"https:\/\/api.w.org\/{rel}","templated":true}]}}